{"id":46,"date":"2010-04-06T12:57:55","date_gmt":"2010-04-06T12:57:55","guid":{"rendered":"http:\/\/mistanetwork.fr\/w\/tarifs\/"},"modified":"2021-02-08T09:26:32","modified_gmt":"2021-02-08T09:26:32","slug":"tarifs","status":"publish","type":"page","link":"https:\/\/mistanetwork.fr\/w\/tarifs\/","title":{"rendered":"Tarifs"},"content":{"rendered":"<h3>tarif horaire au 1er janvier 2016 (d\u00e9placement Ile de France inclus)<\/h3>\n<h4>professionnels<\/h4>\n<p>79\u20ac ht l&rsquo;heure sur site<\/p>\n<p>280\u20ac ht la demi-journ\u00e9e (4h) sur site<\/p>\n<p>520\u20ac ht la journ\u00e9e (8h) sur site<\/p>\n<p>t\u00e9l\u00e9assistance : 63\u20ac ht l&rsquo;heure<\/p>\n<h4>particuliers<\/h4>\n<p>63\u20ac ht (75.35\u20ac ttc) l&rsquo;heure sur site<\/p>\n<p>220\u20ac ht (263.12\u20ac ttc) la demi-journ\u00e9e (4h) sur site<\/p>\n<p>390\u20ac ht (466.44\u20ac ttc) la journ\u00e9e (8h) sur site<\/p>\n<p>t\u00e9l\u00e9assistance 52\u20ac ht (62.19\u20ac ttc) l&rsquo;heure<\/p>\n<h4>forfait ou devis<\/h4>\n<p>Devis gratuit, nous contacter.<\/p>\n","protected":false},"excerpt":{"rendered":"<p>tarif horaire au 1er janvier 2016 (d\u00e9placement Ile de France inclus) professionnels 79\u20ac ht l&rsquo;heure sur site 280\u20ac ht la demi-journ\u00e9e (4h) sur site 520\u20ac ht la journ\u00e9e (8h) sur site t\u00e9l\u00e9assistance : 63\u20ac ht l&rsquo;heure particuliers 63\u20ac ht (75.35\u20ac ttc) l&rsquo;heure sur site 220\u20ac ht (263.12\u20ac ttc) la demi-journ\u00e9e (4h) sur site 390\u20ac ht&hellip;&nbsp;<a href=\"https:\/\/mistanetwork.fr\/w\/tarifs\/\" rel=\"bookmark\">Lire la suite &raquo;<span class=\"screen-reader-text\">Tarifs<\/span><\/a><\/p>\n","protected":false},"author":2,"featured_media":0,"parent":0,"menu_order":0,"comment_status":"closed","ping_status":"open","template":"","meta":{"neve_meta_sidebar":"","neve_meta_container":"","neve_meta_enable_content_width":"","neve_meta_content_width":0,"neve_meta_title_alignment":"","neve_meta_author_avatar":"","neve_post_elements_order":"","neve_meta_disable_header":"","neve_meta_disable_footer":"","neve_meta_disable_title":"","footnotes":""},"class_list":["post-46","page","type-page","status-publish","hentry"],"jetpack_sharing_enabled":true,"_links":{"self":[{"href":"https:\/\/mistanetwork.fr\/w\/wp-json\/wp\/v2\/pages\/46","targetHints":{"allow":["GET"]}}],"collection":[{"href":"https:\/\/mistanetwork.fr\/w\/wp-json\/wp\/v2\/pages"}],"about":[{"href":"https:\/\/mistanetwork.fr\/w\/wp-json\/wp\/v2\/types\/page"}],"author":[{"embeddable":true,"href":"https:\/\/mistanetwork.fr\/w\/wp-json\/wp\/v2\/users\/2"}],"replies":[{"embeddable":true,"href":"https:\/\/mistanetwork.fr\/w\/wp-json\/wp\/v2\/comments?post=46"}],"version-history":[{"count":14,"href":"https:\/\/mistanetwork.fr\/w\/wp-json\/wp\/v2\/pages\/46\/revisions"}],"predecessor-version":[{"id":243,"href":"https:\/\/mistanetwork.fr\/w\/wp-json\/wp\/v2\/pages\/46\/revisions\/243"}],"wp:attachment":[{"href":"https:\/\/mistanetwork.fr\/w\/wp-json\/wp\/v2\/media?parent=46"}],"curies":[{"name":"wp","href":"https:\/\/api.w.org\/{rel}","templated":true}]}}